{"id":99,"date":"2014-09-14T01:07:53","date_gmt":"2014-09-14T01:07:53","guid":{"rendered":"http:\/\/documentation.common-services.com\/amazon\/?page_id=99"},"modified":"2015-01-19T18:23:04","modified_gmt":"2015-01-19T18:23:04","slug":"glossaire-technique","status":"publish","type":"page","link":"https:\/\/documentation.common-services.com\/amazon\/glossaire-technique\/","title":{"rendered":"Glossaire Technique"},"content":{"rendered":"<h2>Champ de Synchronisation<\/h2>\n<p>Champ utilis\u00e9 par Amazon pour identifier le produit. Cette valeur est EAN pour l&#8217;Europe, UPC pour les Etats Unis.<\/p>\n<h2>Ecrasement des Frais de Port<\/h2>\n<p>Voir la documentation sur Amazon \u00e0 ce sujet.<\/p>\n<h2>Envoi de Facture par Email<\/h2>\n<p>Envoi par email de la facture PDF g\u00e9n\u00e9r\u00e9e par Prestashop, selon les recommandations Amazon. L&#8217;email est transmis via l&#8217;adresse de messagerie appel\u00e9e &#8220;crypt\u00e9e&#8221; par abus de language.<\/p>\n<h2>Exemption de Code<\/h2>\n<p>Droit octroy\u00e9 par Amazon de ne pas avoir de code produit (EAN ou UPC) pour ses articles. Le vendeur est alors &#8220;exempt\u00e9&#8221; de code, il peut vendre sur la place de march\u00e9 sans code EAN\/UPC moyennant une contre-partie technique indiqu\u00e9e par le support technique.<\/p>\n<h2>Facture par Email<\/h2>\n<p>Envoie la facture PDF g\u00e9n\u00e9r\u00e9e par Prestashop par email au client dans le respect des conditions d&#8217;utilisation d&#8217;Amazon.<\/p>\n<h2>FBA<\/h2>\n<p>Consultez la documentation FBA \u00e0 ce sujet<\/p>\n<h2>File d&#8217;attente<\/h2>\n<p>Cons\u00e9quence de la journalisation : pour chaque produit une entr\u00e9e est cr\u00e9\u00e9e dans le journal, les produits sont alors en file d&#8217;attente de traitement. Quand le flux sera envoy\u00e9, la file d&#8217;attente sera vid\u00e9e.<\/p>\n<h2>Filtres<\/h2>\n<div>\n<p>Filtre des produits pour des fournisseurs, des marques ou fabricants ou un intervalle de prix. Le produit ne sera jamais export\u00e9 qu&#8217;il soit en stock ou non.<\/p>\n<h2>Format du Titre<\/h2>\n<p>Application du format recommand\u00e9 par Amazon pour les titres des produits, adjonction du fabricant, attributs etc.<\/p>\n<h2>Latence \/ Delai<\/h2>\n<p>Temps de traitement par le vendeur avant l&#8217;exp\u00e9dition du produit. Si le d\u00e9lai de latence est 2, le vendeur s&#8217;engage \u00e0 exp\u00e9dier le produit 2 jours apr\u00e8s l&#8217;achat.<\/p>\n<h2>Mapping<\/h2>\n<p>Technique informatique consistant a substituer une valeur par une autre.<\/p>\n<h2>Mappings<\/h2>\n<p>Suite de plusieurs &#8220;Mapping&#8221; cons\u00e9cutifs.<\/p>\n<h2>M\u00e9thode d&#8217;Exp\u00e9dition<\/h2>\n<p>Transport utilis\u00e9 pour l&#8217;exp\u00e9dition de la commande du point de vue de Amazon.<\/p>\n<\/div>\n<h2>Pr\u00e9-commande<\/h2>\n<div>Donner la possibilit\u00e9 au module d&#8217;exporter des produits qui ne sont pas en stock et qui ont une date de sortie ult\u00e9rieure de renseign\u00e9e (Fiche Article, champ &#8220;Date de disponibilit\u00e9&#8221;). Dans ce cas le produit sera affich\u00e9 en pr\u00e9-commande sur Amazon et vous aurez la possibilit\u00e9 de le livrer d\u00e8s sa disponibilit\u00e9 effective.<\/div>\n<h2>R\u00e8gle de Prix<\/h2>\n<p>Vous indiquerez une valeur ou un pourcentage qui sera appliqu\u00e9 sur le prix de vente toutes taxes comprises, ce qui aura pour incidence d&#8217;augmenter ou de diminuer le prix de vente sur la place de march\u00e9.<\/p>\n<h2>Relation<\/h2>\n<p>Relation Parent \/ Enfant entre les produits. Un produit parent est le produit principal, le produit enfant les sous produits, la relation \u00e9tablie cette hi\u00e9rarchie.<\/p>\n<h2>SKU<\/h2>\n<p>Le SKU veut dire \u00ab Stock\u00a0 Keeping Unit \u00bb, c\u2019est une appellation universelle synonyme de r\u00e9f\u00e9rence produit, la r\u00e9f\u00e9rence du marchand vendeur.<\/p>\n<h2>Univers<\/h2>\n<p>Classification principale du produit.<\/p>\n<h2>Variante<\/h2>\n<p>Equivalence de la d\u00e9clinaison sur Prestashop. Sur Amazon une variante est compos\u00e9e d&#8217;un produit parent et de produits enfants qui sont les \u00e9quivalents des d\u00e9clinaisons. Une relation parent\/enfant est ensuite \u00e9tablie, voir relation.<\/p>\n<h2>Wozapi<\/h2>\n<div>Consultez la documentation Wozapi \u00e0 ce sujet<\/div>\n","protected":false},"excerpt":{"rendered":"<p>Champ de Synchronisation Champ utilis\u00e9 par Amazon pour identifier le produit. Cette valeur est EAN pour l&#8217;Europe, UPC pour les Etats Unis. Ecrasement des Frais de Port Voir la documentation sur Amazon \u00e0 ce sujet. Envoi de Facture par Email Envoi par email de la facture PDF g\u00e9n\u00e9r\u00e9e par Prestashop, selon les recommandations Amazon. L&#8217;email [&hellip;]<\/p>\n","protected":false},"author":1,"featured_media":0,"parent":0,"menu_order":0,"comment_status":"closed","ping_status":"closed","template":"","meta":{"footnotes":""},"class_list":["post-99","page","type-page","status-publish","hentry"],"yoast_head":"<!-- This site is optimized with the Yoast SEO plugin v20.11 - https:\/\/yoast.com\/wordpress\/plugins\/seo\/ -->\n<title>Glossaire Technique - Module Amazon Marketplace<\/title>\n<meta name=\"robots\" content=\"index, follow, max-snippet:-1, max-image-preview:large, max-video-preview:-1\" \/>\n<link rel=\"canonical\" href=\"https:\/\/documentation.common-services.com\/amazon\/glossaire-technique\/\" \/>\n<meta property=\"og:locale\" content=\"fr_FR\" \/>\n<meta property=\"og:type\" content=\"article\" \/>\n<meta property=\"og:title\" content=\"Glossaire Technique - Module Amazon Marketplace\" \/>\n<meta property=\"og:description\" content=\"Champ de Synchronisation Champ utilis\u00e9 par Amazon pour identifier le produit. Cette valeur est EAN pour l&#8217;Europe, UPC pour les Etats Unis. Ecrasement des Frais de Port Voir la documentation sur Amazon \u00e0 ce sujet. Envoi de Facture par Email Envoi par email de la facture PDF g\u00e9n\u00e9r\u00e9e par Prestashop, selon les recommandations Amazon. L&#8217;email [&hellip;]\" \/>\n<meta property=\"og:url\" content=\"https:\/\/documentation.common-services.com\/amazon\/glossaire-technique\/\" \/>\n<meta property=\"og:site_name\" content=\"Module Amazon Marketplace\" \/>\n<meta property=\"article:modified_time\" content=\"2015-01-19T18:23:04+00:00\" \/>\n<meta name=\"twitter:card\" content=\"summary_large_image\" \/>\n<meta name=\"twitter:label1\" content=\"Dur\u00e9e de lecture estim\u00e9e\" \/>\n\t<meta name=\"twitter:data1\" content=\"3 minutes\" \/>\n<script type=\"application\/ld+json\" class=\"yoast-schema-graph\">{\"@context\":\"https:\/\/schema.org\",\"@graph\":[{\"@type\":\"WebPage\",\"@id\":\"https:\/\/documentation.common-services.com\/amazon\/glossaire-technique\/\",\"url\":\"https:\/\/documentation.common-services.com\/amazon\/glossaire-technique\/\",\"name\":\"Glossaire Technique - Module Amazon Marketplace\",\"isPartOf\":{\"@id\":\"https:\/\/documentation.common-services.com\/amazon\/?lang=en\/#website\"},\"datePublished\":\"2014-09-14T01:07:53+00:00\",\"dateModified\":\"2015-01-19T18:23:04+00:00\",\"breadcrumb\":{\"@id\":\"https:\/\/documentation.common-services.com\/amazon\/glossaire-technique\/#breadcrumb\"},\"inLanguage\":\"fr-FR\",\"potentialAction\":[{\"@type\":\"ReadAction\",\"target\":[\"https:\/\/documentation.common-services.com\/amazon\/glossaire-technique\/\"]}]},{\"@type\":\"BreadcrumbList\",\"@id\":\"https:\/\/documentation.common-services.com\/amazon\/glossaire-technique\/#breadcrumb\",\"itemListElement\":[{\"@type\":\"ListItem\",\"position\":1,\"name\":\"Home\",\"item\":\"https:\/\/documentation.common-services.com\/amazon\/\"},{\"@type\":\"ListItem\",\"position\":2,\"name\":\"Glossaire Technique\"}]},{\"@type\":\"WebSite\",\"@id\":\"https:\/\/documentation.common-services.com\/amazon\/?lang=en\/#website\",\"url\":\"https:\/\/documentation.common-services.com\/amazon\/?lang=en\/\",\"name\":\"Module Amazon Marketplace\",\"description\":\"Amazon Marketplace pour Prestashop version 3.9\",\"potentialAction\":[{\"@type\":\"SearchAction\",\"target\":{\"@type\":\"EntryPoint\",\"urlTemplate\":\"https:\/\/documentation.common-services.com\/amazon\/?lang=en\/?s={search_term_string}\"},\"query-input\":\"required name=search_term_string\"}],\"inLanguage\":\"fr-FR\"}]}<\/script>\n<!-- \/ Yoast SEO plugin. -->","yoast_head_json":{"title":"Glossaire Technique - Module Amazon Marketplace","robots":{"index":"index","follow":"follow","max-snippet":"max-snippet:-1","max-image-preview":"max-image-preview:large","max-video-preview":"max-video-preview:-1"},"canonical":"https:\/\/documentation.common-services.com\/amazon\/glossaire-technique\/","og_locale":"fr_FR","og_type":"article","og_title":"Glossaire Technique - Module Amazon Marketplace","og_description":"Champ de Synchronisation Champ utilis\u00e9 par Amazon pour identifier le produit. Cette valeur est EAN pour l&#8217;Europe, UPC pour les Etats Unis. Ecrasement des Frais de Port Voir la documentation sur Amazon \u00e0 ce sujet. Envoi de Facture par Email Envoi par email de la facture PDF g\u00e9n\u00e9r\u00e9e par Prestashop, selon les recommandations Amazon. L&#8217;email [&hellip;]","og_url":"https:\/\/documentation.common-services.com\/amazon\/glossaire-technique\/","og_site_name":"Module Amazon Marketplace","article_modified_time":"2015-01-19T18:23:04+00:00","twitter_card":"summary_large_image","twitter_misc":{"Dur\u00e9e de lecture estim\u00e9e":"3 minutes"},"schema":{"@context":"https:\/\/schema.org","@graph":[{"@type":"WebPage","@id":"https:\/\/documentation.common-services.com\/amazon\/glossaire-technique\/","url":"https:\/\/documentation.common-services.com\/amazon\/glossaire-technique\/","name":"Glossaire Technique - Module Amazon Marketplace","isPartOf":{"@id":"https:\/\/documentation.common-services.com\/amazon\/?lang=en\/#website"},"datePublished":"2014-09-14T01:07:53+00:00","dateModified":"2015-01-19T18:23:04+00:00","breadcrumb":{"@id":"https:\/\/documentation.common-services.com\/amazon\/glossaire-technique\/#breadcrumb"},"inLanguage":"fr-FR","potentialAction":[{"@type":"ReadAction","target":["https:\/\/documentation.common-services.com\/amazon\/glossaire-technique\/"]}]},{"@type":"BreadcrumbList","@id":"https:\/\/documentation.common-services.com\/amazon\/glossaire-technique\/#breadcrumb","itemListElement":[{"@type":"ListItem","position":1,"name":"Home","item":"https:\/\/documentation.common-services.com\/amazon\/"},{"@type":"ListItem","position":2,"name":"Glossaire Technique"}]},{"@type":"WebSite","@id":"https:\/\/documentation.common-services.com\/amazon\/?lang=en\/#website","url":"https:\/\/documentation.common-services.com\/amazon\/?lang=en\/","name":"Module Amazon Marketplace","description":"Amazon Marketplace pour Prestashop version 3.9","potentialAction":[{"@type":"SearchAction","target":{"@type":"EntryPoint","urlTemplate":"https:\/\/documentation.common-services.com\/amazon\/?lang=en\/?s={search_term_string}"},"query-input":"required name=search_term_string"}],"inLanguage":"fr-FR"}]}},"_links":{"self":[{"href":"https:\/\/documentation.common-services.com\/amazon\/wp-json\/wp\/v2\/pages\/99","targetHints":{"allow":["GET"]}}],"collection":[{"href":"https:\/\/documentation.common-services.com\/amazon\/wp-json\/wp\/v2\/pages"}],"about":[{"href":"https:\/\/documentation.common-services.com\/amazon\/wp-json\/wp\/v2\/types\/page"}],"author":[{"embeddable":true,"href":"https:\/\/documentation.common-services.com\/amazon\/wp-json\/wp\/v2\/users\/1"}],"replies":[{"embeddable":true,"href":"https:\/\/documentation.common-services.com\/amazon\/wp-json\/wp\/v2\/comments?post=99"}],"version-history":[{"count":7,"href":"https:\/\/documentation.common-services.com\/amazon\/wp-json\/wp\/v2\/pages\/99\/revisions"}],"predecessor-version":[{"id":2264,"href":"https:\/\/documentation.common-services.com\/amazon\/wp-json\/wp\/v2\/pages\/99\/revisions\/2264"}],"wp:attachment":[{"href":"https:\/\/documentation.common-services.com\/amazon\/wp-json\/wp\/v2\/media?parent=99"}],"curies":[{"name":"wp","href":"https:\/\/api.w.org\/{rel}","templated":true}]}}