{"id":745,"date":"2014-10-30T04:41:37","date_gmt":"2014-10-30T04:41:37","guid":{"rendered":"http:\/\/documentation.common-services.com\/amazon\/?page_id=745"},"modified":"2014-12-12T15:05:57","modified_gmt":"2014-12-12T15:05:57","slug":"supporto","status":"publish","type":"page","link":"https:\/\/documentation.common-services.com\/amazon\/supporto\/?lang=it","title":{"rendered":"Supporto"},"content":{"rendered":"<h1>Servizi di Supporto Generali per il modulo Amazon Marketplace per Prestashop<\/h1>\n<p>In ogni caso, prima di contattare il servizio di supporto, si consiglia di leggere la documentazione disponibile. Per gli addetti a tale servizio, sapere che il cliente non ha letto la documentazione prevista, pu\u00f2 essere frustrante e per questo motivo ricordiamo sempre ai nostri clienti di rimanere al passo con gli eventuali aggiornamenti e modifiche.<\/p>\n<p>Il modulo esiste dal 2011 e la maggior parte dei problemi comuni sono elencati nella categoria &#8220;problemi frequenti&#8221; oppure nel nostro programma interno di conoscenze base. In quanto questi servizi sono disponibili esclusivamente tramite email.<\/p>\n<p><strong>Si prega di contattare il seguente indirizzo:<\/strong> support.amazon@common-services.com.<\/p>\n<p><span style=\"color: #008000;\">Nella richiesta di aiuto, si prega cortesemente di includere le seguenti informazioni:<\/span><\/p>\n<ol>\n<li><span style=\"color: #008000;\">La versione del modulo<\/span><\/li>\n<li><span style=\"color: #008000;\">La versione di Prestashop <\/span><\/li>\n<li><span style=\"color: #008000;\">Il tuo codice Ordine (ID) di Prestashop Add-ons<\/span><\/li>\n<\/ol>\n<p>1.<a href=\"http:\/\/documentation.common-services.com\/amazon\/wp-content\/uploads\/2014\/09\/2014-11-07_10-08-02.png\" data-rel=\"lightbox-image-0\" data-rl_title=\"\" data-rl_caption=\"\" title=\"\"><img loading=\"lazy\" decoding=\"async\" class=\"alignleft size-full wp-image-1153\" src=\"http:\/\/documentation.common-services.com\/amazon\/wp-content\/uploads\/2014\/09\/2014-11-07_10-08-02.png\" alt=\"2014-11-07_10-08-02\" width=\"667\" height=\"278\" srcset=\"https:\/\/documentation.common-services.com\/amazon\/wp-content\/uploads\/2014\/09\/2014-11-07_10-08-02.png 667w, https:\/\/documentation.common-services.com\/amazon\/wp-content\/uploads\/2014\/09\/2014-11-07_10-08-02-300x125.png 300w, https:\/\/documentation.common-services.com\/amazon\/wp-content\/uploads\/2014\/09\/2014-11-07_10-08-02-624x260.png 624w\" sizes=\"auto, (max-width: 667px) 100vw, 667px\" \/><\/a><\/p>\n<p>2.<a href=\"http:\/\/documentation.common-services.com\/amazon\/wp-content\/uploads\/2014\/09\/2014-11-07_10-03-00.png\" data-rel=\"lightbox-image-1\" data-rl_title=\"\" data-rl_caption=\"\" title=\"\"><img loading=\"lazy\" decoding=\"async\" class=\"alignleft size-full wp-image-1154\" src=\"http:\/\/documentation.common-services.com\/amazon\/wp-content\/uploads\/2014\/09\/2014-11-07_10-03-00.png\" alt=\"2014-11-07_10-03-00\" width=\"987\" height=\"292\" srcset=\"https:\/\/documentation.common-services.com\/amazon\/wp-content\/uploads\/2014\/09\/2014-11-07_10-03-00.png 987w, https:\/\/documentation.common-services.com\/amazon\/wp-content\/uploads\/2014\/09\/2014-11-07_10-03-00-300x88.png 300w, https:\/\/documentation.common-services.com\/amazon\/wp-content\/uploads\/2014\/09\/2014-11-07_10-03-00-624x184.png 624w\" sizes=\"auto, (max-width: 987px) 100vw, 987px\" \/><\/a><\/p>\n<p>3.<a href=\"http:\/\/documentation.common-services.com\/amazon\/wp-content\/uploads\/2014\/10\/2014-11-07_10-14-34.png\" data-rel=\"lightbox-image-2\" data-rl_title=\"\" data-rl_caption=\"\" title=\"\"><img loading=\"lazy\" decoding=\"async\" class=\"alignleft size-full wp-image-1158\" src=\"http:\/\/documentation.common-services.com\/amazon\/wp-content\/uploads\/2014\/10\/2014-11-07_10-14-34.png\" alt=\"2014-11-07_10-14-34\" width=\"909\" height=\"447\" srcset=\"https:\/\/documentation.common-services.com\/amazon\/wp-content\/uploads\/2014\/10\/2014-11-07_10-14-34.png 909w, https:\/\/documentation.common-services.com\/amazon\/wp-content\/uploads\/2014\/10\/2014-11-07_10-14-34-300x147.png 300w, https:\/\/documentation.common-services.com\/amazon\/wp-content\/uploads\/2014\/10\/2014-11-07_10-14-34-624x306.png 624w\" sizes=\"auto, (max-width: 909px) 100vw, 909px\" \/><\/a><\/p>\n<p><span style=\"color: #008000;\">Inviaci qualsiasi cosa che potrebbe essere utile per aiutarti: logs, messaggi di errore e schermate, soprattutto se la richiesta di supporto riguarda feed, <a style=\"color: #008000;\" title=\"Generare un File XML\" href=\"https:\/\/documentation.common-services.com\/amazon\/generare-un-file-xml\/?lang=it\"> XML<\/a> e <a style=\"color: #008000;\" title=\"Report\" href=\"https:\/\/documentation.common-services.com\/amazon\/report\/?lang=en\">Report<\/a>.<\/span><\/p>\n<p><em>La qualit\u00e0 del supporto dipende dalla qualit\u00e0 delle domande e delle informazioni che si hanno a disposizione. Di conseguenza, dati accurati e precisi miglioreranno la qualit\u00e0 e l&#8217;efficacia del servizio.<\/em><\/p>\n<p>Il servizio di supporto \u00e8 li disponibile dal Luned\u00ec al Venerd\u00ec durante gli orari di ufficio e i riscontri vengono inviati entro 24 ore.<\/p>\n<p>Non richiedere lo stesso servizio di supporto pi\u00f9 volte o sarai responsabile per ogni eventuale ritardo o problematica causata dal tuo abuso di richieste aggiuntive.<\/p>\n<p>Se non dovessi ricevere una risposta entro 24 ore, potrebbe essere accaduto che il tuo messaggio sia stato reindirizzato alla cartella SPAM. Inviaci una email da un indirizzo di posta elettronica affidabile, come quello del tuo ISP.<\/p>\n<p>Il supporto \u00e8 gratuito e si basa su un corretto utilizzo e non su abusi. Pertanto, se necessario, ci avvaliamo il diritto di declassare il tuo profilo alla priorit\u00e0 pi\u00f9 bassa e la qualit\u00e0 del supporto offerto ne risentir\u00e0 negativamente.<\/p>\n<p>Ti ringraziamo per la comprensione.<\/p>\n","protected":false},"excerpt":{"rendered":"<p>Servizi di Supporto Generali per il modulo Amazon Marketplace per Prestashop In ogni caso, prima di contattare il servizio di supporto, si consiglia di leggere la documentazione disponibile. Per gli addetti a tale servizio, sapere che il cliente non ha letto la documentazione prevista, pu\u00f2 essere frustrante e per questo motivo ricordiamo sempre ai nostri [&hellip;]<\/p>\n","protected":false},"author":5,"featured_media":0,"parent":0,"menu_order":0,"comment_status":"closed","ping_status":"open","template":"","meta":{"footnotes":""},"class_list":["post-745","page","type-page","status-publish","hentry"],"yoast_head":"<!-- This site is optimized with the Yoast SEO plugin v20.11 - https:\/\/yoast.com\/wordpress\/plugins\/seo\/ -->\n<title>Supporto - Module Amazon Marketplace<\/title>\n<meta name=\"robots\" content=\"index, follow, max-snippet:-1, max-image-preview:large, max-video-preview:-1\" \/>\n<link rel=\"canonical\" href=\"https:\/\/documentation.common-services.com\/amazon\/supporto\/?lang=it\" \/>\n<meta property=\"og:locale\" content=\"it_IT\" \/>\n<meta property=\"og:type\" content=\"article\" \/>\n<meta property=\"og:title\" content=\"Supporto - Module Amazon Marketplace\" \/>\n<meta property=\"og:description\" content=\"Servizi di Supporto Generali per il modulo Amazon Marketplace per Prestashop In ogni caso, prima di contattare il servizio di supporto, si consiglia di leggere la documentazione disponibile. Per gli addetti a tale servizio, sapere che il cliente non ha letto la documentazione prevista, pu\u00f2 essere frustrante e per questo motivo ricordiamo sempre ai nostri [&hellip;]\" \/>\n<meta property=\"og:url\" content=\"https:\/\/documentation.common-services.com\/amazon\/supporto\/?lang=it\" \/>\n<meta property=\"og:site_name\" content=\"Module Amazon Marketplace\" \/>\n<meta property=\"article:modified_time\" content=\"2014-12-12T15:05:57+00:00\" \/>\n<meta property=\"og:image\" content=\"http:\/\/documentation.common-services.com\/amazon\/wp-content\/uploads\/2014\/09\/2014-11-07_10-08-02.png\" \/>\n<meta name=\"twitter:card\" content=\"summary_large_image\" \/>\n<meta name=\"twitter:label1\" content=\"Est. reading time\" \/>\n\t<meta name=\"twitter:data1\" content=\"2 minutes\" \/>\n<script type=\"application\/ld+json\" class=\"yoast-schema-graph\">{\"@context\":\"https:\/\/schema.org\",\"@graph\":[{\"@type\":\"WebPage\",\"@id\":\"https:\/\/documentation.common-services.com\/amazon\/supporto\/?lang=it\",\"url\":\"https:\/\/documentation.common-services.com\/amazon\/supporto\/?lang=it\",\"name\":\"Supporto - Module Amazon Marketplace\",\"isPartOf\":{\"@id\":\"https:\/\/documentation.common-services.com\/amazon\/?lang=en\/#website\"},\"datePublished\":\"2014-10-30T04:41:37+00:00\",\"dateModified\":\"2014-12-12T15:05:57+00:00\",\"breadcrumb\":{\"@id\":\"https:\/\/documentation.common-services.com\/amazon\/supporto\/?lang=it#breadcrumb\"},\"inLanguage\":\"it-IT\",\"potentialAction\":[{\"@type\":\"ReadAction\",\"target\":[\"https:\/\/documentation.common-services.com\/amazon\/supporto\/?lang=it\"]}]},{\"@type\":\"BreadcrumbList\",\"@id\":\"https:\/\/documentation.common-services.com\/amazon\/supporto\/?lang=it#breadcrumb\",\"itemListElement\":[{\"@type\":\"ListItem\",\"position\":1,\"name\":\"Home\",\"item\":\"https:\/\/documentation.common-services.com\/amazon\/?lang=it\"},{\"@type\":\"ListItem\",\"position\":2,\"name\":\"Supporto\"}]},{\"@type\":\"WebSite\",\"@id\":\"https:\/\/documentation.common-services.com\/amazon\/?lang=en\/#website\",\"url\":\"https:\/\/documentation.common-services.com\/amazon\/?lang=en\/\",\"name\":\"Module Amazon Marketplace\",\"description\":\"Amazon Marketplace pour Prestashop version 3.9\",\"potentialAction\":[{\"@type\":\"SearchAction\",\"target\":{\"@type\":\"EntryPoint\",\"urlTemplate\":\"https:\/\/documentation.common-services.com\/amazon\/?lang=en\/?s={search_term_string}\"},\"query-input\":\"required name=search_term_string\"}],\"inLanguage\":\"it-IT\"}]}<\/script>\n<!-- \/ Yoast SEO plugin. -->","yoast_head_json":{"title":"Supporto - Module Amazon Marketplace","robots":{"index":"index","follow":"follow","max-snippet":"max-snippet:-1","max-image-preview":"max-image-preview:large","max-video-preview":"max-video-preview:-1"},"canonical":"https:\/\/documentation.common-services.com\/amazon\/supporto\/?lang=it","og_locale":"it_IT","og_type":"article","og_title":"Supporto - Module Amazon Marketplace","og_description":"Servizi di Supporto Generali per il modulo Amazon Marketplace per Prestashop In ogni caso, prima di contattare il servizio di supporto, si consiglia di leggere la documentazione disponibile. Per gli addetti a tale servizio, sapere che il cliente non ha letto la documentazione prevista, pu\u00f2 essere frustrante e per questo motivo ricordiamo sempre ai nostri [&hellip;]","og_url":"https:\/\/documentation.common-services.com\/amazon\/supporto\/?lang=it","og_site_name":"Module Amazon Marketplace","article_modified_time":"2014-12-12T15:05:57+00:00","og_image":[{"url":"http:\/\/documentation.common-services.com\/amazon\/wp-content\/uploads\/2014\/09\/2014-11-07_10-08-02.png"}],"twitter_card":"summary_large_image","twitter_misc":{"Est. reading time":"2 minutes"},"schema":{"@context":"https:\/\/schema.org","@graph":[{"@type":"WebPage","@id":"https:\/\/documentation.common-services.com\/amazon\/supporto\/?lang=it","url":"https:\/\/documentation.common-services.com\/amazon\/supporto\/?lang=it","name":"Supporto - Module Amazon Marketplace","isPartOf":{"@id":"https:\/\/documentation.common-services.com\/amazon\/?lang=en\/#website"},"datePublished":"2014-10-30T04:41:37+00:00","dateModified":"2014-12-12T15:05:57+00:00","breadcrumb":{"@id":"https:\/\/documentation.common-services.com\/amazon\/supporto\/?lang=it#breadcrumb"},"inLanguage":"it-IT","potentialAction":[{"@type":"ReadAction","target":["https:\/\/documentation.common-services.com\/amazon\/supporto\/?lang=it"]}]},{"@type":"BreadcrumbList","@id":"https:\/\/documentation.common-services.com\/amazon\/supporto\/?lang=it#breadcrumb","itemListElement":[{"@type":"ListItem","position":1,"name":"Home","item":"https:\/\/documentation.common-services.com\/amazon\/?lang=it"},{"@type":"ListItem","position":2,"name":"Supporto"}]},{"@type":"WebSite","@id":"https:\/\/documentation.common-services.com\/amazon\/?lang=en\/#website","url":"https:\/\/documentation.common-services.com\/amazon\/?lang=en\/","name":"Module Amazon Marketplace","description":"Amazon Marketplace pour Prestashop version 3.9","potentialAction":[{"@type":"SearchAction","target":{"@type":"EntryPoint","urlTemplate":"https:\/\/documentation.common-services.com\/amazon\/?lang=en\/?s={search_term_string}"},"query-input":"required name=search_term_string"}],"inLanguage":"it-IT"}]}},"_links":{"self":[{"href":"https:\/\/documentation.common-services.com\/amazon\/wp-json\/wp\/v2\/pages\/745\/?lang=it"}],"collection":[{"href":"https:\/\/documentation.common-services.com\/amazon\/wp-json\/wp\/v2\/pages\/?lang=it"}],"about":[{"href":"https:\/\/documentation.common-services.com\/amazon\/wp-json\/wp\/v2\/types\/page\/?lang=it"}],"author":[{"embeddable":true,"href":"https:\/\/documentation.common-services.com\/amazon\/wp-json\/wp\/v2\/users\/5\/?lang=it"}],"replies":[{"embeddable":true,"href":"https:\/\/documentation.common-services.com\/amazon\/wp-json\/wp\/v2\/comments\/?lang=it&post=745"}],"version-history":[{"count":7,"href":"https:\/\/documentation.common-services.com\/amazon\/wp-json\/wp\/v2\/pages\/745\/revisions\/?lang=it"}],"predecessor-version":[{"id":1704,"href":"https:\/\/documentation.common-services.com\/amazon\/wp-json\/wp\/v2\/pages\/745\/revisions\/1704\/?lang=it"}],"wp:attachment":[{"href":"https:\/\/documentation.common-services.com\/amazon\/wp-json\/wp\/v2\/media\/?lang=it&parent=745"}],"curies":[{"name":"wp","href":"https:\/\/api.w.org\/{rel}","templated":true}]}}