{"id":648,"date":"2014-10-25T05:57:51","date_gmt":"2014-10-25T05:57:51","guid":{"rendered":"http:\/\/documentation.common-services.com\/amazon\/?page_id=648"},"modified":"2015-01-05T18:48:42","modified_gmt":"2015-01-05T18:48:42","slug":"inicio","status":"publish","type":"page","link":"https:\/\/documentation.common-services.com\/amazon\/?lang=es","title":{"rendered":"Inicio"},"content":{"rendered":"<p>Bienvenido a la documentaci\u00f3n en l\u00ednea de la versi\u00f3n 4 del m\u00f3dulo de Prestashop Amazon Marketplace. El objetivo es ayudarle a publicar y administrar de forma efectiva sus productos y sus ordenes de Amazon desde su tienda en Prestashop.<\/p>\n<h2>Iniciando<\/h2>\n<ul>\n<li><a title=\"Acerca de Common-Services\" href=\"https:\/\/documentation.common-services.com\/amazon\/acerca-de-common-services\/?lang=es\">Acerca de Common-Services<\/a><\/li>\n<li><a title=\"Pre\u00e1mbulo\" href=\"https:\/\/documentation.common-services.com\/amazon\/preambulo\/?lang=es\">Pre\u00e1mbulo<\/a> <span style=\"color: #fab54d;\">(Importante)<\/span><\/li>\n<\/ul>\n<h2>Configuraci\u00f3n<\/h2>\n<ul>\n<li><a title=\"Instalaci\u00f3n del M\u00f3dulo\" href=\"https:\/\/documentation.common-services.com\/amazon\/instalacion-del-modulo\/?lang=es\" target=\"_blank\">Instalaci\u00f3n del M\u00f3dulo<\/a><\/li>\n<li><a title=\"Configurar las llaves de acceso de Amazon\" href=\"https:\/\/documentation.common-services.com\/amazon\/configurar-las-claves-de-acceso-de-amazon\/?lang=es\">Obtener sus claves de acceso de API<\/a><\/li>\n<li><a title=\"Filtros\" href=\"https:\/\/documentation.common-services.com\/amazon\/filtros\/?lang=es\">Filtros<\/a><\/li>\n<\/ul>\n<h2>Uso<\/h2>\n<ul>\n<li><a title=\"Primera puesta en marcha\" href=\"https:\/\/documentation.common-services.com\/amazon\/primera-puesta-en-marcha\/?lang=es\">Primera puesta en marcha<\/a><\/li>\n<li><a title=\"Modo de Sincronizaci\u00f3n\" href=\"https:\/\/documentation.common-services.com\/amazon\/modo-de-sincronizacion\/?lang=es\">Modo de Sincronizaci\u00f3n<\/a><\/li>\n<li><a title=\"Modo de Creaci\u00f3n\" href=\"https:\/\/documentation.common-services.com\/amazon\/modo-de-creacion\/?lang=es\">Modo de Creaci\u00f3n<\/a><\/li>\n<li><a title=\"Reporte\" href=\"https:\/\/documentation.common-services.com\/amazon\/reporte\/?lang=es\">Reporte<\/a><\/li>\n<li><a title=\"Importaci\u00f3n de Ordenes\" href=\"https:\/\/documentation.common-services.com\/amazon\/importacion-de-ordenes\/?lang=es\">Importaci\u00f3n de Ordenes<\/a><\/li>\n<li><a title=\"Estados de las \u00d3rdenes\" href=\"https:\/\/documentation.common-services.com\/amazon\/estados-de-las-ordenes\/?lang=es\">Estados de las \u00d3rdenes<\/a><\/li>\n<li><a title=\"Extensi\u00f3n en la hoja del producto\" href=\"https:\/\/documentation.common-services.com\/amazon\/extension-de-la-hoja-del-producto\/?lang=es\">Extensi\u00f3n en la hoja del producto<\/a><\/li>\n<li><a title=\"Tareas programadas\" href=\"https:\/\/documentation.common-services.com\/amazon\/tareas-programadas\/?lang=es\">Tareas programadas<\/a><\/li>\n<\/ul>\n<h2>Soporte<\/h2>\n<ul>\n<li><a title=\"Soporte t\u00e9cnico de Common-Services para el m\u00f3dulo de Amazon Marketplace para Prestashop\" href=\"https:\/\/documentation.common-services.com\/amazon\/support-2\/?lang=es\">Contacto<\/a><\/li>\n<li><a title=\"Limitaciones de soporte y garant\u00eda\" href=\"https:\/\/documentation.common-services.com\/amazon\/limitaciones-de-soporte-y-garantia\/?lang=es\">Limitaciones y garant\u00eda<\/a><\/li>\n<\/ul>\n<p>&nbsp;<\/p>\n<p>&nbsp;<\/p>\n","protected":false},"excerpt":{"rendered":"<p>Bienvenido a la documentaci\u00f3n en l\u00ednea de la versi\u00f3n 4 del m\u00f3dulo de Prestashop Amazon Marketplace. El objetivo es ayudarle a publicar y administrar de forma efectiva sus productos y sus ordenes de Amazon desde su tienda en Prestashop. Iniciando Acerca de Common-Services Pre\u00e1mbulo (Importante) Configuraci\u00f3n Instalaci\u00f3n del M\u00f3dulo Obtener sus claves de acceso de [&hellip;]<\/p>\n","protected":false},"author":4,"featured_media":0,"parent":0,"menu_order":0,"comment_status":"closed","ping_status":"open","template":"","meta":{"footnotes":""},"class_list":["post-648","page","type-page","status-publish","hentry"],"yoast_head":"<!-- This site is optimized with the Yoast SEO plugin v20.11 - https:\/\/yoast.com\/wordpress\/plugins\/seo\/ -->\n<title>Inicio - Module Amazon Marketplace<\/title>\n<meta name=\"robots\" content=\"index, follow, max-snippet:-1, max-image-preview:large, max-video-preview:-1\" \/>\n<link rel=\"canonical\" href=\"https:\/\/documentation.common-services.com\/amazon\/?lang=es\" \/>\n<meta property=\"og:locale\" content=\"es_ES\" \/>\n<meta property=\"og:type\" content=\"article\" \/>\n<meta property=\"og:title\" content=\"Inicio - Module Amazon Marketplace\" \/>\n<meta property=\"og:description\" content=\"Bienvenido a la documentaci\u00f3n en l\u00ednea de la versi\u00f3n 4 del m\u00f3dulo de Prestashop Amazon Marketplace. El objetivo es ayudarle a publicar y administrar de forma efectiva sus productos y sus ordenes de Amazon desde su tienda en Prestashop. Iniciando Acerca de Common-Services Pre\u00e1mbulo (Importante) Configuraci\u00f3n Instalaci\u00f3n del M\u00f3dulo Obtener sus claves de acceso de [&hellip;]\" \/>\n<meta property=\"og:url\" content=\"https:\/\/documentation.common-services.com\/amazon\/?lang=es\" \/>\n<meta property=\"og:site_name\" content=\"Module Amazon Marketplace\" \/>\n<meta property=\"article:modified_time\" content=\"2015-01-05T18:48:42+00:00\" \/>\n<meta name=\"twitter:card\" content=\"summary_large_image\" \/>\n<meta name=\"twitter:label1\" content=\"Est. reading time\" \/>\n\t<meta name=\"twitter:data1\" content=\"1 minute\" \/>\n<script type=\"application\/ld+json\" class=\"yoast-schema-graph\">{\"@context\":\"https:\/\/schema.org\",\"@graph\":[{\"@type\":\"WebPage\",\"@id\":\"https:\/\/documentation.common-services.com\/amazon\/?lang=es\",\"url\":\"https:\/\/documentation.common-services.com\/amazon\/?lang=es\",\"name\":\"Inicio - Module Amazon Marketplace\",\"isPartOf\":{\"@id\":\"https:\/\/documentation.common-services.com\/amazon\/?lang=en\/#website\"},\"datePublished\":\"2014-10-25T05:57:51+00:00\",\"dateModified\":\"2015-01-05T18:48:42+00:00\",\"breadcrumb\":{\"@id\":\"https:\/\/documentation.common-services.com\/amazon\/?lang=es#breadcrumb\"},\"inLanguage\":\"es-ES\",\"potentialAction\":[{\"@type\":\"ReadAction\",\"target\":[\"https:\/\/documentation.common-services.com\/amazon\/?lang=es\"]}]},{\"@type\":\"BreadcrumbList\",\"@id\":\"https:\/\/documentation.common-services.com\/amazon\/?lang=es#breadcrumb\",\"itemListElement\":[{\"@type\":\"ListItem\",\"position\":1,\"name\":\"Home\",\"item\":\"https:\/\/documentation.common-services.com\/amazon\/?lang=es\"},{\"@type\":\"ListItem\",\"position\":2,\"name\":\"Inicio\"}]},{\"@type\":\"WebSite\",\"@id\":\"https:\/\/documentation.common-services.com\/amazon\/?lang=en\/#website\",\"url\":\"https:\/\/documentation.common-services.com\/amazon\/?lang=en\/\",\"name\":\"Module Amazon Marketplace\",\"description\":\"Amazon Marketplace pour Prestashop version 3.9\",\"potentialAction\":[{\"@type\":\"SearchAction\",\"target\":{\"@type\":\"EntryPoint\",\"urlTemplate\":\"https:\/\/documentation.common-services.com\/amazon\/?lang=en\/?s={search_term_string}\"},\"query-input\":\"required name=search_term_string\"}],\"inLanguage\":\"es-ES\"}]}<\/script>\n<!-- \/ Yoast SEO plugin. -->","yoast_head_json":{"title":"Inicio - Module Amazon Marketplace","robots":{"index":"index","follow":"follow","max-snippet":"max-snippet:-1","max-image-preview":"max-image-preview:large","max-video-preview":"max-video-preview:-1"},"canonical":"https:\/\/documentation.common-services.com\/amazon\/?lang=es","og_locale":"es_ES","og_type":"article","og_title":"Inicio - Module Amazon Marketplace","og_description":"Bienvenido a la documentaci\u00f3n en l\u00ednea de la versi\u00f3n 4 del m\u00f3dulo de Prestashop Amazon Marketplace. El objetivo es ayudarle a publicar y administrar de forma efectiva sus productos y sus ordenes de Amazon desde su tienda en Prestashop. Iniciando Acerca de Common-Services Pre\u00e1mbulo (Importante) Configuraci\u00f3n Instalaci\u00f3n del M\u00f3dulo Obtener sus claves de acceso de [&hellip;]","og_url":"https:\/\/documentation.common-services.com\/amazon\/?lang=es","og_site_name":"Module Amazon Marketplace","article_modified_time":"2015-01-05T18:48:42+00:00","twitter_card":"summary_large_image","twitter_misc":{"Est. reading time":"1 minute"},"schema":{"@context":"https:\/\/schema.org","@graph":[{"@type":"WebPage","@id":"https:\/\/documentation.common-services.com\/amazon\/?lang=es","url":"https:\/\/documentation.common-services.com\/amazon\/?lang=es","name":"Inicio - Module Amazon Marketplace","isPartOf":{"@id":"https:\/\/documentation.common-services.com\/amazon\/?lang=en\/#website"},"datePublished":"2014-10-25T05:57:51+00:00","dateModified":"2015-01-05T18:48:42+00:00","breadcrumb":{"@id":"https:\/\/documentation.common-services.com\/amazon\/?lang=es#breadcrumb"},"inLanguage":"es-ES","potentialAction":[{"@type":"ReadAction","target":["https:\/\/documentation.common-services.com\/amazon\/?lang=es"]}]},{"@type":"BreadcrumbList","@id":"https:\/\/documentation.common-services.com\/amazon\/?lang=es#breadcrumb","itemListElement":[{"@type":"ListItem","position":1,"name":"Home","item":"https:\/\/documentation.common-services.com\/amazon\/?lang=es"},{"@type":"ListItem","position":2,"name":"Inicio"}]},{"@type":"WebSite","@id":"https:\/\/documentation.common-services.com\/amazon\/?lang=en\/#website","url":"https:\/\/documentation.common-services.com\/amazon\/?lang=en\/","name":"Module Amazon Marketplace","description":"Amazon Marketplace pour Prestashop version 3.9","potentialAction":[{"@type":"SearchAction","target":{"@type":"EntryPoint","urlTemplate":"https:\/\/documentation.common-services.com\/amazon\/?lang=en\/?s={search_term_string}"},"query-input":"required name=search_term_string"}],"inLanguage":"es-ES"}]}},"_links":{"self":[{"href":"https:\/\/documentation.common-services.com\/amazon\/wp-json\/wp\/v2\/pages\/648\/?lang=es"}],"collection":[{"href":"https:\/\/documentation.common-services.com\/amazon\/wp-json\/wp\/v2\/pages\/?lang=es"}],"about":[{"href":"https:\/\/documentation.common-services.com\/amazon\/wp-json\/wp\/v2\/types\/page\/?lang=es"}],"author":[{"embeddable":true,"href":"https:\/\/documentation.common-services.com\/amazon\/wp-json\/wp\/v2\/users\/4\/?lang=es"}],"replies":[{"embeddable":true,"href":"https:\/\/documentation.common-services.com\/amazon\/wp-json\/wp\/v2\/comments\/?lang=es&post=648"}],"version-history":[{"count":23,"href":"https:\/\/documentation.common-services.com\/amazon\/wp-json\/wp\/v2\/pages\/648\/revisions\/?lang=es"}],"predecessor-version":[{"id":2184,"href":"https:\/\/documentation.common-services.com\/amazon\/wp-json\/wp\/v2\/pages\/648\/revisions\/2184\/?lang=es"}],"wp:attachment":[{"href":"https:\/\/documentation.common-services.com\/amazon\/wp-json\/wp\/v2\/media\/?lang=es&parent=648"}],"curies":[{"name":"wp","href":"https:\/\/api.w.org\/{rel}","templated":true}]}}