{"id":59,"date":"2014-09-13T11:27:07","date_gmt":"2014-09-13T11:27:07","guid":{"rendered":"http:\/\/documentation.common-services.com\/amazon\/?page_id=59"},"modified":"2015-01-19T18:18:52","modified_gmt":"2015-01-19T18:18:52","slug":"support-common-services-pour-le-module-amazon-marketplace-pour-prestashop","status":"publish","type":"page","link":"https:\/\/documentation.common-services.com\/amazon\/support-common-services-pour-le-module-amazon-marketplace-pour-prestashop\/","title":{"rendered":"Support"},"content":{"rendered":"<h1>Support Common-Services pour le module Amazon Marketplace pour Prestashop<\/h1>\n<p>Dans tous les cas avant de contacter le support vous devrez avoir pris connaissance de la documentation, et sachez qu&#8217;il est aussi frustrant pour le support que le client n&#8217;ait pas lu la documentation que pour le client de s&#8217;entendre dire d&#8217;aller lire la documentation\u00a0!<\/p>\n<p>Le module existant depuis 2011, la plupart des probl\u00e8mes sont connus et r\u00e9pertori\u00e9s dans la cat\u00e9gorie probl\u00e8mes fr\u00e9quents ou dans notre base de connaissances interne. Pour cette raison le support ne s&#8217;effectue que par e-mail.<\/p>\n<p><strong>Email pour le support<\/strong> : support.amazon@common-services.com<\/p>\n<p><span style=\"color: #008000;\">Joignez avec votre demande de support :<\/span><\/p>\n<ol>\n<li><span style=\"color: #008000;\">La version du module<\/span><\/li>\n<li><span style=\"color: #008000;\">La version de Prestashop<\/span><\/li>\n<li><span style=\"color: #008000;\">Votre num\u00e9ro de commande Prestashop Addons<\/span><\/li>\n<\/ol>\n<p style=\"padding-left: 30px;\"><strong>1.<a href=\"http:\/\/documentation.common-services.com\/amazon\/wp-content\/uploads\/2014\/09\/2014-11-07_10-08-02.png\" data-rel=\"lightbox-image-0\" data-rl_title=\"\" data-rl_caption=\"\" title=\"\"><img loading=\"lazy\" decoding=\"async\" class=\"alignleft size-full wp-image-1153\" src=\"http:\/\/documentation.common-services.com\/amazon\/wp-content\/uploads\/2014\/09\/2014-11-07_10-08-02.png\" alt=\"2014-11-07_10-08-02\" width=\"667\" height=\"278\" srcset=\"https:\/\/documentation.common-services.com\/amazon\/wp-content\/uploads\/2014\/09\/2014-11-07_10-08-02.png 667w, https:\/\/documentation.common-services.com\/amazon\/wp-content\/uploads\/2014\/09\/2014-11-07_10-08-02-300x125.png 300w, https:\/\/documentation.common-services.com\/amazon\/wp-content\/uploads\/2014\/09\/2014-11-07_10-08-02-624x260.png 624w\" sizes=\"auto, (max-width: 667px) 100vw, 667px\" \/><\/a><\/strong><\/p>\n<p style=\"padding-left: 30px;\"><strong>2.<a href=\"http:\/\/documentation.common-services.com\/amazon\/wp-content\/uploads\/2014\/09\/2014-11-07_10-03-00.png\" data-rel=\"lightbox-image-1\" data-rl_title=\"\" data-rl_caption=\"\" title=\"\"><img loading=\"lazy\" decoding=\"async\" class=\"alignleft size-full wp-image-1154\" src=\"http:\/\/documentation.common-services.com\/amazon\/wp-content\/uploads\/2014\/09\/2014-11-07_10-03-00.png\" alt=\"2014-11-07_10-03-00\" width=\"987\" height=\"292\" srcset=\"https:\/\/documentation.common-services.com\/amazon\/wp-content\/uploads\/2014\/09\/2014-11-07_10-03-00.png 987w, https:\/\/documentation.common-services.com\/amazon\/wp-content\/uploads\/2014\/09\/2014-11-07_10-03-00-300x88.png 300w, https:\/\/documentation.common-services.com\/amazon\/wp-content\/uploads\/2014\/09\/2014-11-07_10-03-00-624x184.png 624w\" sizes=\"auto, (max-width: 987px) 100vw, 987px\" \/><\/a><\/strong><\/p>\n<p style=\"padding-left: 30px;\"><strong>3.<a href=\"http:\/\/documentation.common-services.com\/amazon\/wp-content\/uploads\/2014\/09\/2014-11-07_10-00-00.png\" data-rel=\"lightbox-image-2\" data-rl_title=\"\" data-rl_caption=\"\" title=\"\"><img loading=\"lazy\" decoding=\"async\" class=\"alignleft size-full wp-image-1155\" src=\"http:\/\/documentation.common-services.com\/amazon\/wp-content\/uploads\/2014\/09\/2014-11-07_10-00-00.png\" alt=\"2014-11-07_10-00-00\" width=\"934\" height=\"451\" srcset=\"https:\/\/documentation.common-services.com\/amazon\/wp-content\/uploads\/2014\/09\/2014-11-07_10-00-00.png 934w, https:\/\/documentation.common-services.com\/amazon\/wp-content\/uploads\/2014\/09\/2014-11-07_10-00-00-300x144.png 300w, https:\/\/documentation.common-services.com\/amazon\/wp-content\/uploads\/2014\/09\/2014-11-07_10-00-00-624x301.png 624w\" sizes=\"auto, (max-width: 934px) 100vw, 934px\" \/><\/a><\/strong><\/p>\n<p>&nbsp;<\/p>\n<p><span style=\"color: #008000;\">Envoyez-nous tout ce qui pourrait \u00eatre utile pour vous aider, journaux, messages d&#8217;erreur, copies d&#8217;\u00e9cran et surtout en cas de support concernant le flux, <a style=\"color: #008000;\" title=\"G\u00e9n\u00e9rer le XML\" href=\"https:\/\/documentation.common-services.com\/amazon\/generer-le-xml\/\">le XML<\/a> et le <a style=\"color: #008000;\" title=\"Rapport\" href=\"https:\/\/documentation.common-services.com\/amazon\/rapport\/\">Rapport<\/a>.<\/span><\/p>\n<p><em>La qualit\u00e9 du support d\u00e9pend de la qualit\u00e9 des questions pos\u00e9es et des informations fournies, au plus l&#8217;information sera pr\u00e9cise et d\u00e9taill\u00e9e au mieux le support pourra vous r\u00e9pondre efficacement.<\/em><\/p>\n<p>Le support est disponible du Lundi au Vendredi aux heures de bureau et les r\u00e9ponses sont faites sous 24 heures au maximum.<\/p>\n<p>Ne relancez pas le support, vous seriez alors responsable du d\u00e9lai suppl\u00e9mentaire induit,\u00a0vous \u00eates responsable collectivement de tout d\u00e9lai induit par les abus et les relances.<\/p>\n<p>Si vous ne recevez pas de r\u00e9ponse sous 24h, il est possible que votre message ait \u00e9t\u00e9\u00a0redirig\u00e9 dans les SPAM, \u00e9crivez nous depuis une adresse email fiable, par exemple celle de votre fournisseur d&#8217;acc\u00e8s.<\/p>\n<p>Le support est gratuit, bas\u00e9 sur le fair-usage, n&#8217;en abusez pas. Le cas \u00e9ch\u00e9ant\u00a0nous nous r\u00e9servons le droit de d\u00e9grader votre profil\u00a0\u00e0 une priorit\u00e9 plus faible, la qualit\u00e9 de votre support serait d\u00e9grad\u00e9e.<\/p>\n<p>Merci pour votre compr\u00e9hension<\/p>\n","protected":false},"excerpt":{"rendered":"<p>Support Common-Services pour le module Amazon Marketplace pour Prestashop Dans tous les cas avant de contacter le support vous devrez avoir pris connaissance de la documentation, et sachez qu&#8217;il est aussi frustrant pour le support que le client n&#8217;ait pas lu la documentation que pour le client de s&#8217;entendre dire d&#8217;aller lire la documentation\u00a0! Le [&hellip;]<\/p>\n","protected":false},"author":1,"featured_media":0,"parent":0,"menu_order":0,"comment_status":"closed","ping_status":"open","template":"","meta":{"footnotes":""},"class_list":["post-59","page","type-page","status-publish","hentry"],"yoast_head":"<!-- This site is optimized with the Yoast SEO plugin v20.11 - https:\/\/yoast.com\/wordpress\/plugins\/seo\/ -->\n<title>Support - Module Amazon Marketplace<\/title>\n<meta name=\"robots\" content=\"index, follow, max-snippet:-1, max-image-preview:large, max-video-preview:-1\" \/>\n<link rel=\"canonical\" href=\"https:\/\/documentation.common-services.com\/amazon\/support-common-services-pour-le-module-amazon-marketplace-pour-prestashop\/\" \/>\n<meta property=\"og:locale\" content=\"fr_FR\" \/>\n<meta property=\"og:type\" content=\"article\" \/>\n<meta property=\"og:title\" content=\"Support - Module Amazon Marketplace\" \/>\n<meta property=\"og:description\" content=\"Support Common-Services pour le module Amazon Marketplace pour Prestashop Dans tous les cas avant de contacter le support vous devrez avoir pris connaissance de la documentation, et sachez qu&#8217;il est aussi frustrant pour le support que le client n&#8217;ait pas lu la documentation que pour le client de s&#8217;entendre dire d&#8217;aller lire la documentation\u00a0! Le [&hellip;]\" \/>\n<meta property=\"og:url\" content=\"https:\/\/documentation.common-services.com\/amazon\/support-common-services-pour-le-module-amazon-marketplace-pour-prestashop\/\" \/>\n<meta property=\"og:site_name\" content=\"Module Amazon Marketplace\" \/>\n<meta property=\"article:modified_time\" content=\"2015-01-19T18:18:52+00:00\" \/>\n<meta property=\"og:image\" content=\"http:\/\/documentation.common-services.com\/amazon\/wp-content\/uploads\/2014\/09\/2014-11-07_10-08-02.png\" \/>\n<meta name=\"twitter:card\" content=\"summary_large_image\" \/>\n<meta name=\"twitter:label1\" content=\"Dur\u00e9e de lecture estim\u00e9e\" \/>\n\t<meta name=\"twitter:data1\" content=\"2 minutes\" \/>\n<script type=\"application\/ld+json\" class=\"yoast-schema-graph\">{\"@context\":\"https:\/\/schema.org\",\"@graph\":[{\"@type\":\"WebPage\",\"@id\":\"https:\/\/documentation.common-services.com\/amazon\/support-common-services-pour-le-module-amazon-marketplace-pour-prestashop\/\",\"url\":\"https:\/\/documentation.common-services.com\/amazon\/support-common-services-pour-le-module-amazon-marketplace-pour-prestashop\/\",\"name\":\"Support - Module Amazon Marketplace\",\"isPartOf\":{\"@id\":\"https:\/\/documentation.common-services.com\/amazon\/?lang=en\/#website\"},\"datePublished\":\"2014-09-13T11:27:07+00:00\",\"dateModified\":\"2015-01-19T18:18:52+00:00\",\"breadcrumb\":{\"@id\":\"https:\/\/documentation.common-services.com\/amazon\/support-common-services-pour-le-module-amazon-marketplace-pour-prestashop\/#breadcrumb\"},\"inLanguage\":\"fr-FR\",\"potentialAction\":[{\"@type\":\"ReadAction\",\"target\":[\"https:\/\/documentation.common-services.com\/amazon\/support-common-services-pour-le-module-amazon-marketplace-pour-prestashop\/\"]}]},{\"@type\":\"BreadcrumbList\",\"@id\":\"https:\/\/documentation.common-services.com\/amazon\/support-common-services-pour-le-module-amazon-marketplace-pour-prestashop\/#breadcrumb\",\"itemListElement\":[{\"@type\":\"ListItem\",\"position\":1,\"name\":\"Home\",\"item\":\"https:\/\/documentation.common-services.com\/amazon\/\"},{\"@type\":\"ListItem\",\"position\":2,\"name\":\"Support\"}]},{\"@type\":\"WebSite\",\"@id\":\"https:\/\/documentation.common-services.com\/amazon\/?lang=en\/#website\",\"url\":\"https:\/\/documentation.common-services.com\/amazon\/?lang=en\/\",\"name\":\"Module Amazon Marketplace\",\"description\":\"Amazon Marketplace pour Prestashop version 3.9\",\"potentialAction\":[{\"@type\":\"SearchAction\",\"target\":{\"@type\":\"EntryPoint\",\"urlTemplate\":\"https:\/\/documentation.common-services.com\/amazon\/?lang=en\/?s={search_term_string}\"},\"query-input\":\"required name=search_term_string\"}],\"inLanguage\":\"fr-FR\"}]}<\/script>\n<!-- \/ Yoast SEO plugin. -->","yoast_head_json":{"title":"Support - Module Amazon Marketplace","robots":{"index":"index","follow":"follow","max-snippet":"max-snippet:-1","max-image-preview":"max-image-preview:large","max-video-preview":"max-video-preview:-1"},"canonical":"https:\/\/documentation.common-services.com\/amazon\/support-common-services-pour-le-module-amazon-marketplace-pour-prestashop\/","og_locale":"fr_FR","og_type":"article","og_title":"Support - Module Amazon Marketplace","og_description":"Support Common-Services pour le module Amazon Marketplace pour Prestashop Dans tous les cas avant de contacter le support vous devrez avoir pris connaissance de la documentation, et sachez qu&#8217;il est aussi frustrant pour le support que le client n&#8217;ait pas lu la documentation que pour le client de s&#8217;entendre dire d&#8217;aller lire la documentation\u00a0! Le [&hellip;]","og_url":"https:\/\/documentation.common-services.com\/amazon\/support-common-services-pour-le-module-amazon-marketplace-pour-prestashop\/","og_site_name":"Module Amazon Marketplace","article_modified_time":"2015-01-19T18:18:52+00:00","og_image":[{"url":"http:\/\/documentation.common-services.com\/amazon\/wp-content\/uploads\/2014\/09\/2014-11-07_10-08-02.png"}],"twitter_card":"summary_large_image","twitter_misc":{"Dur\u00e9e de lecture estim\u00e9e":"2 minutes"},"schema":{"@context":"https:\/\/schema.org","@graph":[{"@type":"WebPage","@id":"https:\/\/documentation.common-services.com\/amazon\/support-common-services-pour-le-module-amazon-marketplace-pour-prestashop\/","url":"https:\/\/documentation.common-services.com\/amazon\/support-common-services-pour-le-module-amazon-marketplace-pour-prestashop\/","name":"Support - Module Amazon Marketplace","isPartOf":{"@id":"https:\/\/documentation.common-services.com\/amazon\/?lang=en\/#website"},"datePublished":"2014-09-13T11:27:07+00:00","dateModified":"2015-01-19T18:18:52+00:00","breadcrumb":{"@id":"https:\/\/documentation.common-services.com\/amazon\/support-common-services-pour-le-module-amazon-marketplace-pour-prestashop\/#breadcrumb"},"inLanguage":"fr-FR","potentialAction":[{"@type":"ReadAction","target":["https:\/\/documentation.common-services.com\/amazon\/support-common-services-pour-le-module-amazon-marketplace-pour-prestashop\/"]}]},{"@type":"BreadcrumbList","@id":"https:\/\/documentation.common-services.com\/amazon\/support-common-services-pour-le-module-amazon-marketplace-pour-prestashop\/#breadcrumb","itemListElement":[{"@type":"ListItem","position":1,"name":"Home","item":"https:\/\/documentation.common-services.com\/amazon\/"},{"@type":"ListItem","position":2,"name":"Support"}]},{"@type":"WebSite","@id":"https:\/\/documentation.common-services.com\/amazon\/?lang=en\/#website","url":"https:\/\/documentation.common-services.com\/amazon\/?lang=en\/","name":"Module Amazon Marketplace","description":"Amazon Marketplace pour Prestashop version 3.9","potentialAction":[{"@type":"SearchAction","target":{"@type":"EntryPoint","urlTemplate":"https:\/\/documentation.common-services.com\/amazon\/?lang=en\/?s={search_term_string}"},"query-input":"required name=search_term_string"}],"inLanguage":"fr-FR"}]}},"_links":{"self":[{"href":"https:\/\/documentation.common-services.com\/amazon\/wp-json\/wp\/v2\/pages\/59","targetHints":{"allow":["GET"]}}],"collection":[{"href":"https:\/\/documentation.common-services.com\/amazon\/wp-json\/wp\/v2\/pages"}],"about":[{"href":"https:\/\/documentation.common-services.com\/amazon\/wp-json\/wp\/v2\/types\/page"}],"author":[{"embeddable":true,"href":"https:\/\/documentation.common-services.com\/amazon\/wp-json\/wp\/v2\/users\/1"}],"replies":[{"embeddable":true,"href":"https:\/\/documentation.common-services.com\/amazon\/wp-json\/wp\/v2\/comments?post=59"}],"version-history":[{"count":12,"href":"https:\/\/documentation.common-services.com\/amazon\/wp-json\/wp\/v2\/pages\/59\/revisions"}],"predecessor-version":[{"id":2258,"href":"https:\/\/documentation.common-services.com\/amazon\/wp-json\/wp\/v2\/pages\/59\/revisions\/2258"}],"wp:attachment":[{"href":"https:\/\/documentation.common-services.com\/amazon\/wp-json\/wp\/v2\/media?parent=59"}],"curies":[{"name":"wp","href":"https:\/\/api.w.org\/{rel}","templated":true}]}}