{"id":2,"date":"2014-09-12T10:45:16","date_gmt":"2014-09-12T10:45:16","guid":{"rendered":"http:\/\/documentation.common-services.com\/amazon\/?page_id=2"},"modified":"2015-05-16T00:39:34","modified_gmt":"2015-05-16T00:39:34","slug":"sample-page","status":"publish","type":"page","link":"https:\/\/documentation.common-services.com\/amazon\/","title":{"rendered":"Accueil"},"content":{"rendered":"<p>Bienvenue sur la documentation en ligne du module Amazon Marketplace pour Prestashop, version 4. L&#8217;objectif est de vous aider \u00e0 publier et \u00e0 g\u00e9rer efficacement votre catalogue et vos commandes Amazon depuis votre boutique Prestashop.<\/p>\n<h2>Commencer<\/h2>\n<ul>\n<li><a title=\"A Propos\" href=\"https:\/\/documentation.common-services.com\/amazon\/a-propos\/\">A Propos<\/a><\/li>\n<li><a title=\"Pr\u00e9ambule\" href=\"https:\/\/documentation.common-services.com\/amazon\/preambule\/\">Pr\u00e9ambule<\/a>\u00a0<span style=\"color: #fab54d;\">(Important)<\/span><\/li>\n<\/ul>\n<h2>Configurer<\/h2>\n<ul>\n<li><a title=\"Installer le module\" href=\"https:\/\/documentation.common-services.com\/amazon\/installer-le-module\/\">Installer le module<\/a><\/li>\n<li><a title=\"Configuration des cl\u00e9s Amazon\" href=\"https:\/\/documentation.common-services.com\/amazon\/configuration-des-cles-amazon\/\">Obtenir vos cl\u00e9s API<\/a><\/li>\n<li><a title=\"Filtres\" href=\"https:\/\/documentation.common-services.com\/amazon\/filtres\/\">Filtres<\/a><\/li>\n<\/ul>\n<h2>Utiliser<\/h2>\n<ul>\n<li><a title=\"Premi\u00e8re Mise en Service\" href=\"https:\/\/documentation.common-services.com\/amazon\/premiere-mise-en-service\/\">Premi\u00e8re Mise en Service<\/a><\/li>\n<li><a title=\"Mode Synchronisation\" href=\"https:\/\/documentation.common-services.com\/amazon\/mode-synchronisation\/\">Mode Synchronisation<\/a><\/li>\n<li><a title=\"Mode Cr\u00e9ation\" href=\"https:\/\/documentation.common-services.com\/amazon\/mode-creation\/\">Mode Cr\u00e9ation<\/a><\/li>\n<li><a title=\"Rapport\" href=\"https:\/\/documentation.common-services.com\/amazon\/rapport\/\">Rapport<\/a><\/li>\n<li><a title=\"Import des Commandes\" href=\"https:\/\/documentation.common-services.com\/amazon\/import-des-commandes\/\">Import des Commandes<\/a><\/li>\n<li><a title=\"Statuts des Commandes\" href=\"https:\/\/documentation.common-services.com\/amazon\/statuts-des-commandes\/\">Statuts des Commandes<\/a><\/li>\n<li><a title=\"Extension Fiche Produit\" href=\"https:\/\/documentation.common-services.com\/amazon\/extension-fiche-produit\/\">Extension Fiche Produit<\/a><\/li>\n<li><a title=\"T\u00e2ches Planifi\u00e9es\" href=\"https:\/\/documentation.common-services.com\/amazon\/taches-planifiees\/\">T\u00e2ches Planifi\u00e9es<\/a><\/li>\n<li><a href=\"https:\/\/documentation.common-services.com\/amazon\/?page_id=2389\">Tutoriels<\/a><\/li>\n<\/ul>\n<h2>Support<\/h2>\n<ul>\n<li><a title=\"Support Common-Services pour le module Amazon Marketplace pour Prestashop\" href=\"https:\/\/documentation.common-services.com\/amazon\/support-common-services-pour-le-module-amazon-marketplace-pour-prestashop\/\">Contact<\/a><\/li>\n<li><a title=\"Limites de support et de garantie\" href=\"https:\/\/documentation.common-services.com\/amazon\/limites-de-support-et-de-garantie\/\">Limites et Garanties<\/a><\/li>\n<\/ul>\n<p>&nbsp;<\/p>\n<p>&nbsp;<\/p>\n","protected":false},"excerpt":{"rendered":"<p>Bienvenue sur la documentation en ligne du module Amazon Marketplace pour Prestashop, version 4. L&#8217;objectif est de vous aider \u00e0 publier et \u00e0 g\u00e9rer efficacement votre catalogue et vos commandes Amazon depuis votre boutique Prestashop. Commencer A Propos Pr\u00e9ambule\u00a0(Important) Configurer Installer le module Obtenir vos cl\u00e9s API Filtres Utiliser Premi\u00e8re Mise en Service Mode Synchronisation [&hellip;]<\/p>\n","protected":false},"author":1,"featured_media":0,"parent":0,"menu_order":0,"comment_status":"closed","ping_status":"open","template":"","meta":{"footnotes":""},"class_list":["post-2","page","type-page","status-publish","hentry"],"yoast_head":"<!-- This site is optimized with the Yoast SEO plugin v20.11 - https:\/\/yoast.com\/wordpress\/plugins\/seo\/ -->\n<title>Accueil - Module Amazon Marketplace<\/title>\n<meta name=\"robots\" content=\"index, follow, max-snippet:-1, max-image-preview:large, max-video-preview:-1\" \/>\n<link rel=\"canonical\" href=\"https:\/\/documentation.common-services.com\/amazon\/\" \/>\n<meta property=\"og:locale\" content=\"fr_FR\" \/>\n<meta property=\"og:type\" content=\"article\" \/>\n<meta property=\"og:title\" content=\"Accueil - Module Amazon Marketplace\" \/>\n<meta property=\"og:description\" content=\"Bienvenue sur la documentation en ligne du module Amazon Marketplace pour Prestashop, version 4. L&#8217;objectif est de vous aider \u00e0 publier et \u00e0 g\u00e9rer efficacement votre catalogue et vos commandes Amazon depuis votre boutique Prestashop. Commencer A Propos Pr\u00e9ambule\u00a0(Important) Configurer Installer le module Obtenir vos cl\u00e9s API Filtres Utiliser Premi\u00e8re Mise en Service Mode Synchronisation [&hellip;]\" \/>\n<meta property=\"og:url\" content=\"https:\/\/documentation.common-services.com\/amazon\/\" \/>\n<meta property=\"og:site_name\" content=\"Module Amazon Marketplace\" \/>\n<meta property=\"article:modified_time\" content=\"2015-05-16T00:39:34+00:00\" \/>\n<meta name=\"twitter:card\" content=\"summary_large_image\" \/>\n<script type=\"application\/ld+json\" class=\"yoast-schema-graph\">{\"@context\":\"https:\/\/schema.org\",\"@graph\":[{\"@type\":\"WebPage\",\"@id\":\"https:\/\/documentation.common-services.com\/amazon\/\",\"url\":\"https:\/\/documentation.common-services.com\/amazon\/\",\"name\":\"Accueil - Module Amazon Marketplace\",\"isPartOf\":{\"@id\":\"https:\/\/documentation.common-services.com\/amazon\/?lang=en\/#website\"},\"datePublished\":\"2014-09-12T10:45:16+00:00\",\"dateModified\":\"2015-05-16T00:39:34+00:00\",\"breadcrumb\":{\"@id\":\"https:\/\/documentation.common-services.com\/amazon\/#breadcrumb\"},\"inLanguage\":\"fr-FR\",\"potentialAction\":[{\"@type\":\"ReadAction\",\"target\":[\"https:\/\/documentation.common-services.com\/amazon\/\"]}]},{\"@type\":\"BreadcrumbList\",\"@id\":\"https:\/\/documentation.common-services.com\/amazon\/#breadcrumb\",\"itemListElement\":[{\"@type\":\"ListItem\",\"position\":1,\"name\":\"Home\",\"item\":\"https:\/\/documentation.common-services.com\/amazon\/\"},{\"@type\":\"ListItem\",\"position\":2,\"name\":\"Accueil\"}]},{\"@type\":\"WebSite\",\"@id\":\"https:\/\/documentation.common-services.com\/amazon\/?lang=en\/#website\",\"url\":\"https:\/\/documentation.common-services.com\/amazon\/?lang=en\/\",\"name\":\"Module Amazon Marketplace\",\"description\":\"Amazon Marketplace pour Prestashop version 3.9\",\"potentialAction\":[{\"@type\":\"SearchAction\",\"target\":{\"@type\":\"EntryPoint\",\"urlTemplate\":\"https:\/\/documentation.common-services.com\/amazon\/?lang=en\/?s={search_term_string}\"},\"query-input\":\"required name=search_term_string\"}],\"inLanguage\":\"fr-FR\"}]}<\/script>\n<!-- \/ Yoast SEO plugin. -->","yoast_head_json":{"title":"Accueil - Module Amazon Marketplace","robots":{"index":"index","follow":"follow","max-snippet":"max-snippet:-1","max-image-preview":"max-image-preview:large","max-video-preview":"max-video-preview:-1"},"canonical":"https:\/\/documentation.common-services.com\/amazon\/","og_locale":"fr_FR","og_type":"article","og_title":"Accueil - Module Amazon Marketplace","og_description":"Bienvenue sur la documentation en ligne du module Amazon Marketplace pour Prestashop, version 4. L&#8217;objectif est de vous aider \u00e0 publier et \u00e0 g\u00e9rer efficacement votre catalogue et vos commandes Amazon depuis votre boutique Prestashop. Commencer A Propos Pr\u00e9ambule\u00a0(Important) Configurer Installer le module Obtenir vos cl\u00e9s API Filtres Utiliser Premi\u00e8re Mise en Service Mode Synchronisation [&hellip;]","og_url":"https:\/\/documentation.common-services.com\/amazon\/","og_site_name":"Module Amazon Marketplace","article_modified_time":"2015-05-16T00:39:34+00:00","twitter_card":"summary_large_image","schema":{"@context":"https:\/\/schema.org","@graph":[{"@type":"WebPage","@id":"https:\/\/documentation.common-services.com\/amazon\/","url":"https:\/\/documentation.common-services.com\/amazon\/","name":"Accueil - Module Amazon Marketplace","isPartOf":{"@id":"https:\/\/documentation.common-services.com\/amazon\/?lang=en\/#website"},"datePublished":"2014-09-12T10:45:16+00:00","dateModified":"2015-05-16T00:39:34+00:00","breadcrumb":{"@id":"https:\/\/documentation.common-services.com\/amazon\/#breadcrumb"},"inLanguage":"fr-FR","potentialAction":[{"@type":"ReadAction","target":["https:\/\/documentation.common-services.com\/amazon\/"]}]},{"@type":"BreadcrumbList","@id":"https:\/\/documentation.common-services.com\/amazon\/#breadcrumb","itemListElement":[{"@type":"ListItem","position":1,"name":"Home","item":"https:\/\/documentation.common-services.com\/amazon\/"},{"@type":"ListItem","position":2,"name":"Accueil"}]},{"@type":"WebSite","@id":"https:\/\/documentation.common-services.com\/amazon\/?lang=en\/#website","url":"https:\/\/documentation.common-services.com\/amazon\/?lang=en\/","name":"Module Amazon Marketplace","description":"Amazon Marketplace pour Prestashop version 3.9","potentialAction":[{"@type":"SearchAction","target":{"@type":"EntryPoint","urlTemplate":"https:\/\/documentation.common-services.com\/amazon\/?lang=en\/?s={search_term_string}"},"query-input":"required name=search_term_string"}],"inLanguage":"fr-FR"}]}},"_links":{"self":[{"href":"https:\/\/documentation.common-services.com\/amazon\/wp-json\/wp\/v2\/pages\/2","targetHints":{"allow":["GET"]}}],"collection":[{"href":"https:\/\/documentation.common-services.com\/amazon\/wp-json\/wp\/v2\/pages"}],"about":[{"href":"https:\/\/documentation.common-services.com\/amazon\/wp-json\/wp\/v2\/types\/page"}],"author":[{"embeddable":true,"href":"https:\/\/documentation.common-services.com\/amazon\/wp-json\/wp\/v2\/users\/1"}],"replies":[{"embeddable":true,"href":"https:\/\/documentation.common-services.com\/amazon\/wp-json\/wp\/v2\/comments?post=2"}],"version-history":[{"count":32,"href":"https:\/\/documentation.common-services.com\/amazon\/wp-json\/wp\/v2\/pages\/2\/revisions"}],"predecessor-version":[{"id":2396,"href":"https:\/\/documentation.common-services.com\/amazon\/wp-json\/wp\/v2\/pages\/2\/revisions\/2396"}],"wp:attachment":[{"href":"https:\/\/documentation.common-services.com\/amazon\/wp-json\/wp\/v2\/media?parent=2"}],"curies":[{"name":"wp","href":"https:\/\/api.w.org\/{rel}","templated":true}]}}