{"id":1417,"date":"2014-12-29T09:42:13","date_gmt":"2014-12-29T09:42:13","guid":{"rendered":"http:\/\/documentation.common-services.com\/amazon\/?page_id=1417"},"modified":"2015-01-02T10:32:02","modified_gmt":"2015-01-02T10:32:02","slug":"ueber-das-modul","status":"publish","type":"page","link":"https:\/\/documentation.common-services.com\/amazon\/ueber-das-modul\/?lang=de","title":{"rendered":"\u00dcber das Modul"},"content":{"rendered":"<p>Guten Tag,<\/p>\n<p><a href=\"http:\/\/documentation.common-services.com\/amazon\/wp-content\/uploads\/2014\/09\/olivier.jpg\" data-rel=\"lightbox-image-0\" data-rl_title=\"\" data-rl_caption=\"\" title=\"\"><img loading=\"lazy\" decoding=\"async\" class=\"alignleft wp-image-217\" style=\"box-shadow: none;\" src=\"http:\/\/documentation.common-services.com\/amazon\/wp-content\/uploads\/2014\/09\/olivier-150x150.jpg\" alt=\"olivier\" width=\"75\" height=\"75\" srcset=\"https:\/\/documentation.common-services.com\/amazon\/wp-content\/uploads\/2014\/09\/olivier-150x150.jpg 150w, https:\/\/documentation.common-services.com\/amazon\/wp-content\/uploads\/2014\/09\/olivier.jpg 200w\" sizes=\"auto, (max-width: 75px) 100vw, 75px\" \/><\/a>ich bin Oliver Baquet, Gr\u00fcnder der Common-Services, Entwickler des Amazon Marketplace Moduls f\u00fcr PrestaShop und vieles mehr.<\/p>\n<p>Das Wachstum unserer Firma wird durch ein junges und ehrgeiziges Team aus 8 Personen garantiert, zumeist zertifizierte Senior IT- Techniker. Sehen Sie sich unseren Blog an, um mehr \u00fcber unsere Firma zu erfahren.<\/p>\n<p>Bei einer Software ist die Dokumentation oft eher abschreckend, also wollte ich bei Amazon Version 4 eine leicht zu nutzende Dokumentation auf WordPress einstellen, womit jeder vertraut ist. Dies ist auch f\u00fcr den Kunden einfacher und gew\u00e4hrt ihm Zugang zu einer st\u00e4ndig aktualisierten Wissensdatenbank.<\/p>\n<p>In der nahen Zukunft soll jede Software Fehlermeldung zu einem Link in der Online-Dokumentation f\u00fchren, so dass niemand mehr lange suchen muss.<\/p>\n<p>Wenn Sie einen Fehler in der Software oder der Dokumentation finden oder wenn Sie zu Verbesserungen beitragen m\u00f6chten, dann z\u00f6gern Sie nicht, mich zu kontaktieren. Ich stehe Ihnen zur Verf\u00fcgung und werde Ihnen schnell antworten.<\/p>\n<p>Ich w\u00fcnsche Ihnen gute Verk\u00e4ufe auf Amazon \ud83d\ude42<\/p>\n","protected":false},"excerpt":{"rendered":"<p>Guten Tag, ich bin Oliver Baquet, Gr\u00fcnder der Common-Services, Entwickler des Amazon Marketplace Moduls f\u00fcr PrestaShop und vieles mehr. Das Wachstum unserer Firma wird durch ein junges und ehrgeiziges Team aus 8 Personen garantiert, zumeist zertifizierte Senior IT- Techniker. Sehen Sie sich unseren Blog an, um mehr \u00fcber unsere Firma zu erfahren. Bei einer Software [&hellip;]<\/p>\n","protected":false},"author":6,"featured_media":0,"parent":0,"menu_order":0,"comment_status":"closed","ping_status":"closed","template":"","meta":{"footnotes":""},"class_list":["post-1417","page","type-page","status-publish","hentry"],"yoast_head":"<!-- This site is optimized with the Yoast SEO plugin v20.11 - https:\/\/yoast.com\/wordpress\/plugins\/seo\/ -->\n<title>\u00dcber das Modul - Module Amazon Marketplace<\/title>\n<meta name=\"robots\" content=\"index, follow, max-snippet:-1, max-image-preview:large, max-video-preview:-1\" \/>\n<link rel=\"canonical\" href=\"https:\/\/documentation.common-services.com\/amazon\/ueber-das-modul\/?lang=de\" \/>\n<meta property=\"og:locale\" content=\"de_DE\" \/>\n<meta property=\"og:type\" content=\"article\" \/>\n<meta property=\"og:title\" content=\"\u00dcber das Modul - Module Amazon Marketplace\" \/>\n<meta property=\"og:description\" content=\"Guten Tag, ich bin Oliver Baquet, Gr\u00fcnder der Common-Services, Entwickler des Amazon Marketplace Moduls f\u00fcr PrestaShop und vieles mehr. Das Wachstum unserer Firma wird durch ein junges und ehrgeiziges Team aus 8 Personen garantiert, zumeist zertifizierte Senior IT- Techniker. Sehen Sie sich unseren Blog an, um mehr \u00fcber unsere Firma zu erfahren. Bei einer Software [&hellip;]\" \/>\n<meta property=\"og:url\" content=\"https:\/\/documentation.common-services.com\/amazon\/ueber-das-modul\/?lang=de\" \/>\n<meta property=\"og:site_name\" content=\"Module Amazon Marketplace\" \/>\n<meta property=\"article:modified_time\" content=\"2015-01-02T10:32:02+00:00\" \/>\n<meta property=\"og:image\" content=\"http:\/\/documentation.common-services.com\/amazon\/wp-content\/uploads\/2014\/09\/olivier-150x150.jpg\" \/>\n<meta name=\"twitter:card\" content=\"summary_large_image\" \/>\n<meta name=\"twitter:label1\" content=\"Est. reading time\" \/>\n\t<meta name=\"twitter:data1\" content=\"1 minute\" \/>\n<script type=\"application\/ld+json\" class=\"yoast-schema-graph\">{\"@context\":\"https:\/\/schema.org\",\"@graph\":[{\"@type\":\"WebPage\",\"@id\":\"https:\/\/documentation.common-services.com\/amazon\/ueber-das-modul\/?lang=de\",\"url\":\"https:\/\/documentation.common-services.com\/amazon\/ueber-das-modul\/?lang=de\",\"name\":\"\u00dcber das Modul - Module Amazon Marketplace\",\"isPartOf\":{\"@id\":\"https:\/\/documentation.common-services.com\/amazon\/?lang=en\/#website\"},\"datePublished\":\"2014-12-29T09:42:13+00:00\",\"dateModified\":\"2015-01-02T10:32:02+00:00\",\"breadcrumb\":{\"@id\":\"https:\/\/documentation.common-services.com\/amazon\/ueber-das-modul\/?lang=de#breadcrumb\"},\"inLanguage\":\"de-DE\",\"potentialAction\":[{\"@type\":\"ReadAction\",\"target\":[\"https:\/\/documentation.common-services.com\/amazon\/ueber-das-modul\/?lang=de\"]}]},{\"@type\":\"BreadcrumbList\",\"@id\":\"https:\/\/documentation.common-services.com\/amazon\/ueber-das-modul\/?lang=de#breadcrumb\",\"itemListElement\":[{\"@type\":\"ListItem\",\"position\":1,\"name\":\"Home\",\"item\":\"https:\/\/documentation.common-services.com\/amazon\/?lang=de\"},{\"@type\":\"ListItem\",\"position\":2,\"name\":\"\u00dcber das Modul\"}]},{\"@type\":\"WebSite\",\"@id\":\"https:\/\/documentation.common-services.com\/amazon\/?lang=en\/#website\",\"url\":\"https:\/\/documentation.common-services.com\/amazon\/?lang=en\/\",\"name\":\"Module Amazon Marketplace\",\"description\":\"Amazon Marketplace pour Prestashop version 3.9\",\"potentialAction\":[{\"@type\":\"SearchAction\",\"target\":{\"@type\":\"EntryPoint\",\"urlTemplate\":\"https:\/\/documentation.common-services.com\/amazon\/?lang=en\/?s={search_term_string}\"},\"query-input\":\"required name=search_term_string\"}],\"inLanguage\":\"de-DE\"}]}<\/script>\n<!-- \/ Yoast SEO plugin. -->","yoast_head_json":{"title":"\u00dcber das Modul - Module Amazon Marketplace","robots":{"index":"index","follow":"follow","max-snippet":"max-snippet:-1","max-image-preview":"max-image-preview:large","max-video-preview":"max-video-preview:-1"},"canonical":"https:\/\/documentation.common-services.com\/amazon\/ueber-das-modul\/?lang=de","og_locale":"de_DE","og_type":"article","og_title":"\u00dcber das Modul - Module Amazon Marketplace","og_description":"Guten Tag, ich bin Oliver Baquet, Gr\u00fcnder der Common-Services, Entwickler des Amazon Marketplace Moduls f\u00fcr PrestaShop und vieles mehr. Das Wachstum unserer Firma wird durch ein junges und ehrgeiziges Team aus 8 Personen garantiert, zumeist zertifizierte Senior IT- Techniker. Sehen Sie sich unseren Blog an, um mehr \u00fcber unsere Firma zu erfahren. Bei einer Software [&hellip;]","og_url":"https:\/\/documentation.common-services.com\/amazon\/ueber-das-modul\/?lang=de","og_site_name":"Module Amazon Marketplace","article_modified_time":"2015-01-02T10:32:02+00:00","og_image":[{"url":"http:\/\/documentation.common-services.com\/amazon\/wp-content\/uploads\/2014\/09\/olivier-150x150.jpg"}],"twitter_card":"summary_large_image","twitter_misc":{"Est. reading time":"1 minute"},"schema":{"@context":"https:\/\/schema.org","@graph":[{"@type":"WebPage","@id":"https:\/\/documentation.common-services.com\/amazon\/ueber-das-modul\/?lang=de","url":"https:\/\/documentation.common-services.com\/amazon\/ueber-das-modul\/?lang=de","name":"\u00dcber das Modul - Module Amazon Marketplace","isPartOf":{"@id":"https:\/\/documentation.common-services.com\/amazon\/?lang=en\/#website"},"datePublished":"2014-12-29T09:42:13+00:00","dateModified":"2015-01-02T10:32:02+00:00","breadcrumb":{"@id":"https:\/\/documentation.common-services.com\/amazon\/ueber-das-modul\/?lang=de#breadcrumb"},"inLanguage":"de-DE","potentialAction":[{"@type":"ReadAction","target":["https:\/\/documentation.common-services.com\/amazon\/ueber-das-modul\/?lang=de"]}]},{"@type":"BreadcrumbList","@id":"https:\/\/documentation.common-services.com\/amazon\/ueber-das-modul\/?lang=de#breadcrumb","itemListElement":[{"@type":"ListItem","position":1,"name":"Home","item":"https:\/\/documentation.common-services.com\/amazon\/?lang=de"},{"@type":"ListItem","position":2,"name":"\u00dcber das Modul"}]},{"@type":"WebSite","@id":"https:\/\/documentation.common-services.com\/amazon\/?lang=en\/#website","url":"https:\/\/documentation.common-services.com\/amazon\/?lang=en\/","name":"Module Amazon Marketplace","description":"Amazon Marketplace pour Prestashop version 3.9","potentialAction":[{"@type":"SearchAction","target":{"@type":"EntryPoint","urlTemplate":"https:\/\/documentation.common-services.com\/amazon\/?lang=en\/?s={search_term_string}"},"query-input":"required name=search_term_string"}],"inLanguage":"de-DE"}]}},"_links":{"self":[{"href":"https:\/\/documentation.common-services.com\/amazon\/wp-json\/wp\/v2\/pages\/1417\/?lang=de"}],"collection":[{"href":"https:\/\/documentation.common-services.com\/amazon\/wp-json\/wp\/v2\/pages\/?lang=de"}],"about":[{"href":"https:\/\/documentation.common-services.com\/amazon\/wp-json\/wp\/v2\/types\/page\/?lang=de"}],"author":[{"embeddable":true,"href":"https:\/\/documentation.common-services.com\/amazon\/wp-json\/wp\/v2\/users\/6\/?lang=de"}],"replies":[{"embeddable":true,"href":"https:\/\/documentation.common-services.com\/amazon\/wp-json\/wp\/v2\/comments\/?lang=de&post=1417"}],"version-history":[{"count":4,"href":"https:\/\/documentation.common-services.com\/amazon\/wp-json\/wp\/v2\/pages\/1417\/revisions\/?lang=de"}],"predecessor-version":[{"id":2099,"href":"https:\/\/documentation.common-services.com\/amazon\/wp-json\/wp\/v2\/pages\/1417\/revisions\/2099\/?lang=de"}],"wp:attachment":[{"href":"https:\/\/documentation.common-services.com\/amazon\/wp-json\/wp\/v2\/media\/?lang=de&parent=1417"}],"curies":[{"name":"wp","href":"https:\/\/api.w.org\/{rel}","templated":true}]}}